{"id":494,"date":"2021-02-24T20:07:49","date_gmt":"2021-02-25T01:07:49","guid":{"rendered":"https:\/\/avocatsgatineau.ca\/accueil\/"},"modified":"2025-10-03T15:04:18","modified_gmt":"2025-10-03T19:04:18","slug":"dsdecarieavocats","status":"publish","type":"page","link":"https:\/\/avocatsgatineau.ca\/en\/","title":{"rendered":"Home"},"content":{"rendered":"","protected":false},"excerpt":{"rendered":"","protected":false},"author":1,"featured_media":12708,"parent":0,"menu_order":-1,"comment_status":"closed","ping_status":"closed","template":"","meta":{"_acf_changed":false,"footnotes":""},"class_list":["post-494","page","type-page","status-publish","has-post-thumbnail","hentry","entry"],"acf":[],"yoast_head":"<!-- This site is optimized with the Yoast SEO plugin v25.1 - https:\/\/yoast.com\/wordpress\/plugins\/seo\/ -->\n<title>Avocats \u00e0 Gatineau - Juridique Gatineau - Sophie-Anne D\u00e9carie et D\u00e9borah Stephenson Avocats<\/title>\n<meta name=\"description\" content=\"Welcome to Decarie Inc. Discover our expert legal services in Quebec, specializing in litigation, business law, real estate, and more. Trust our experienced team to provide comprehensive legal solutions tailored to your needs.\" \/>\n<meta name=\"robots\" content=\"index, follow, max-snippet:-1, max-image-preview:large, max-video-preview:-1\" \/>\n<link rel=\"canonical\" href=\"https:\/\/avocatsgatineau.ca\/en\/\" \/>\n<meta property=\"og:locale\" content=\"en_US\" \/>\n<meta property=\"og:type\" content=\"article\" \/>\n<meta property=\"og:title\" content=\"Avocats \u00e0 Gatineau - Juridique Gatineau - Sophie-Anne D\u00e9carie et D\u00e9borah Stephenson Avocats\" \/>\n<meta property=\"og:description\" content=\"Welcome to Decarie Inc. Discover our expert legal services in Quebec, specializing in litigation, business law, real estate, and more. Trust our experienced team to provide comprehensive legal solutions tailored to your needs.\" \/>\n<meta property=\"og:url\" content=\"https:\/\/avocatsgatineau.ca\/en\/\" \/>\n<meta property=\"og:site_name\" content=\"D\u00e9carie Stephenson Avocats \/ Avocats Gatineau\" \/>\n<meta property=\"article:modified_time\" content=\"2025-10-03T19:04:18+00:00\" \/>\n<meta property=\"og:image\" content=\"https:\/\/avocatsgatineau.ca\/wp-content\/uploads\/2025\/04\/Decarie-Stephenson.jpg\" \/>\n\t<meta property=\"og:image:width\" content=\"775\" \/>\n\t<meta property=\"og:image:height\" content=\"520\" \/>\n\t<meta property=\"og:image:type\" content=\"image\/jpeg\" \/>\n<meta name=\"twitter:card\" content=\"summary_large_image\" \/>\n<script type=\"application\/ld+json\" class=\"yoast-schema-graph\">{\"@context\":\"https:\/\/schema.org\",\"@graph\":[{\"@type\":\"WebPage\",\"@id\":\"https:\/\/avocatsgatineau.ca\/en\/\",\"url\":\"https:\/\/avocatsgatineau.ca\/en\/\",\"name\":\"Avocats \u00e0 Gatineau - Juridique Gatineau - Sophie-Anne D\u00e9carie et D\u00e9borah Stephenson Avocats\",\"isPartOf\":{\"@id\":\"https:\/\/avocatsgatineau.ca\/#website\"},\"primaryImageOfPage\":{\"@id\":\"https:\/\/avocatsgatineau.ca\/en\/#primaryimage\"},\"image\":{\"@id\":\"https:\/\/avocatsgatineau.ca\/en\/#primaryimage\"},\"thumbnailUrl\":\"https:\/\/avocatsgatineau.ca\/wp-content\/uploads\/2025\/09\/Sophie-Anne_Deborah_01.jpg\",\"datePublished\":\"2021-02-25T01:07:49+00:00\",\"dateModified\":\"2025-10-03T19:04:18+00:00\",\"description\":\"Welcome to Decarie Inc. Discover our expert legal services in Quebec, specializing in litigation, business law, real estate, and more. Trust our experienced team to provide comprehensive legal solutions tailored to your needs.\",\"breadcrumb\":{\"@id\":\"https:\/\/avocatsgatineau.ca\/en\/#breadcrumb\"},\"inLanguage\":\"en-US\",\"potentialAction\":[{\"@type\":\"ReadAction\",\"target\":[\"https:\/\/avocatsgatineau.ca\/en\/\"]}]},{\"@type\":\"ImageObject\",\"inLanguage\":\"en-US\",\"@id\":\"https:\/\/avocatsgatineau.ca\/en\/#primaryimage\",\"url\":\"https:\/\/avocatsgatineau.ca\/wp-content\/uploads\/2025\/09\/Sophie-Anne_Deborah_01.jpg\",\"contentUrl\":\"https:\/\/avocatsgatineau.ca\/wp-content\/uploads\/2025\/09\/Sophie-Anne_Deborah_01.jpg\",\"width\":775,\"height\":960},{\"@type\":\"BreadcrumbList\",\"@id\":\"https:\/\/avocatsgatineau.ca\/en\/#breadcrumb\",\"itemListElement\":[{\"@type\":\"ListItem\",\"position\":1,\"name\":\"Accueil\",\"item\":\"https:\/\/avocatsgatineau.ca\/en\/\"},{\"@type\":\"ListItem\",\"position\":2,\"name\":\"Home\"}]},{\"@type\":\"WebSite\",\"@id\":\"https:\/\/avocatsgatineau.ca\/#website\",\"url\":\"https:\/\/avocatsgatineau.ca\/\",\"name\":\"D\u00e9carie Stephenson Avocats\",\"description\":\"25 ans d&#039;exp\u00e9rience en litige et r\u00e9solution de conflits, sp\u00e9cialis\u00e9e en droit immobilier et commercial\",\"publisher\":{\"@id\":\"https:\/\/avocatsgatineau.ca\/#organization\"},\"potentialAction\":[{\"@type\":\"SearchAction\",\"target\":{\"@type\":\"EntryPoint\",\"urlTemplate\":\"https:\/\/avocatsgatineau.ca\/?s={search_term_string}\"},\"query-input\":{\"@type\":\"PropertyValueSpecification\",\"valueRequired\":true,\"valueName\":\"search_term_string\"}}],\"inLanguage\":\"en-US\"},{\"@type\":\"Organization\",\"@id\":\"https:\/\/avocatsgatineau.ca\/#organization\",\"name\":\"D\u00e9carie Stephenson Avocats\",\"url\":\"https:\/\/avocatsgatineau.ca\/\",\"logo\":{\"@type\":\"ImageObject\",\"inLanguage\":\"en-US\",\"@id\":\"https:\/\/avocatsgatineau.ca\/#\/schema\/logo\/image\/\",\"url\":\"https:\/\/avocatsgatineau.ca\/wp-content\/uploads\/2025\/03\/logoSvg.svg\",\"contentUrl\":\"https:\/\/avocatsgatineau.ca\/wp-content\/uploads\/2025\/03\/logoSvg.svg\",\"caption\":\"D\u00e9carie Stephenson Avocats\"},\"image\":{\"@id\":\"https:\/\/avocatsgatineau.ca\/#\/schema\/logo\/image\/\"}}]}<\/script>\n<!-- \/ Yoast SEO plugin. -->","yoast_head_json":{"title":"Avocats \u00e0 Gatineau - Juridique Gatineau - Sophie-Anne D\u00e9carie et D\u00e9borah Stephenson Avocats","description":"Welcome to Decarie Inc. Discover our expert legal services in Quebec, specializing in litigation, business law, real estate, and more. Trust our experienced team to provide comprehensive legal solutions tailored to your needs.","robots":{"index":"index","follow":"follow","max-snippet":"max-snippet:-1","max-image-preview":"max-image-preview:large","max-video-preview":"max-video-preview:-1"},"canonical":"https:\/\/avocatsgatineau.ca\/en\/","og_locale":"en_US","og_type":"article","og_title":"Avocats \u00e0 Gatineau - Juridique Gatineau - Sophie-Anne D\u00e9carie et D\u00e9borah Stephenson Avocats","og_description":"Welcome to Decarie Inc. Discover our expert legal services in Quebec, specializing in litigation, business law, real estate, and more. Trust our experienced team to provide comprehensive legal solutions tailored to your needs.","og_url":"https:\/\/avocatsgatineau.ca\/en\/","og_site_name":"D\u00e9carie Stephenson Avocats \/ Avocats Gatineau","article_modified_time":"2025-10-03T19:04:18+00:00","og_image":[{"width":775,"height":520,"url":"https:\/\/avocatsgatineau.ca\/wp-content\/uploads\/2025\/04\/Decarie-Stephenson.jpg","type":"image\/jpeg"}],"twitter_card":"summary_large_image","schema":{"@context":"https:\/\/schema.org","@graph":[{"@type":"WebPage","@id":"https:\/\/avocatsgatineau.ca\/en\/","url":"https:\/\/avocatsgatineau.ca\/en\/","name":"Avocats \u00e0 Gatineau - Juridique Gatineau - Sophie-Anne D\u00e9carie et D\u00e9borah Stephenson Avocats","isPartOf":{"@id":"https:\/\/avocatsgatineau.ca\/#website"},"primaryImageOfPage":{"@id":"https:\/\/avocatsgatineau.ca\/en\/#primaryimage"},"image":{"@id":"https:\/\/avocatsgatineau.ca\/en\/#primaryimage"},"thumbnailUrl":"https:\/\/avocatsgatineau.ca\/wp-content\/uploads\/2025\/09\/Sophie-Anne_Deborah_01.jpg","datePublished":"2021-02-25T01:07:49+00:00","dateModified":"2025-10-03T19:04:18+00:00","description":"Welcome to Decarie Inc. Discover our expert legal services in Quebec, specializing in litigation, business law, real estate, and more. Trust our experienced team to provide comprehensive legal solutions tailored to your needs.","breadcrumb":{"@id":"https:\/\/avocatsgatineau.ca\/en\/#breadcrumb"},"inLanguage":"en-US","potentialAction":[{"@type":"ReadAction","target":["https:\/\/avocatsgatineau.ca\/en\/"]}]},{"@type":"ImageObject","inLanguage":"en-US","@id":"https:\/\/avocatsgatineau.ca\/en\/#primaryimage","url":"https:\/\/avocatsgatineau.ca\/wp-content\/uploads\/2025\/09\/Sophie-Anne_Deborah_01.jpg","contentUrl":"https:\/\/avocatsgatineau.ca\/wp-content\/uploads\/2025\/09\/Sophie-Anne_Deborah_01.jpg","width":775,"height":960},{"@type":"BreadcrumbList","@id":"https:\/\/avocatsgatineau.ca\/en\/#breadcrumb","itemListElement":[{"@type":"ListItem","position":1,"name":"Accueil","item":"https:\/\/avocatsgatineau.ca\/en\/"},{"@type":"ListItem","position":2,"name":"Home"}]},{"@type":"WebSite","@id":"https:\/\/avocatsgatineau.ca\/#website","url":"https:\/\/avocatsgatineau.ca\/","name":"D\u00e9carie Stephenson Avocats","description":"25 ans d&#039;exp\u00e9rience en litige et r\u00e9solution de conflits, sp\u00e9cialis\u00e9e en droit immobilier et commercial","publisher":{"@id":"https:\/\/avocatsgatineau.ca\/#organization"},"potentialAction":[{"@type":"SearchAction","target":{"@type":"EntryPoint","urlTemplate":"https:\/\/avocatsgatineau.ca\/?s={search_term_string}"},"query-input":{"@type":"PropertyValueSpecification","valueRequired":true,"valueName":"search_term_string"}}],"inLanguage":"en-US"},{"@type":"Organization","@id":"https:\/\/avocatsgatineau.ca\/#organization","name":"D\u00e9carie Stephenson Avocats","url":"https:\/\/avocatsgatineau.ca\/","logo":{"@type":"ImageObject","inLanguage":"en-US","@id":"https:\/\/avocatsgatineau.ca\/#\/schema\/logo\/image\/","url":"https:\/\/avocatsgatineau.ca\/wp-content\/uploads\/2025\/03\/logoSvg.svg","contentUrl":"https:\/\/avocatsgatineau.ca\/wp-content\/uploads\/2025\/03\/logoSvg.svg","caption":"D\u00e9carie Stephenson Avocats"},"image":{"@id":"https:\/\/avocatsgatineau.ca\/#\/schema\/logo\/image\/"}}]}},"_links":{"self":[{"href":"https:\/\/avocatsgatineau.ca\/en\/wp-json\/wp\/v2\/pages\/494","targetHints":{"allow":["GET"]}}],"collection":[{"href":"https:\/\/avocatsgatineau.ca\/en\/wp-json\/wp\/v2\/pages"}],"about":[{"href":"https:\/\/avocatsgatineau.ca\/en\/wp-json\/wp\/v2\/types\/page"}],"author":[{"embeddable":true,"href":"https:\/\/avocatsgatineau.ca\/en\/wp-json\/wp\/v2\/users\/1"}],"replies":[{"embeddable":true,"href":"https:\/\/avocatsgatineau.ca\/en\/wp-json\/wp\/v2\/comments?post=494"}],"version-history":[{"count":98,"href":"https:\/\/avocatsgatineau.ca\/en\/wp-json\/wp\/v2\/pages\/494\/revisions"}],"predecessor-version":[{"id":12726,"href":"https:\/\/avocatsgatineau.ca\/en\/wp-json\/wp\/v2\/pages\/494\/revisions\/12726"}],"wp:featuredmedia":[{"embeddable":true,"href":"https:\/\/avocatsgatineau.ca\/en\/wp-json\/wp\/v2\/media\/12708"}],"wp:attachment":[{"href":"https:\/\/avocatsgatineau.ca\/en\/wp-json\/wp\/v2\/media?parent=494"}],"curies":[{"name":"wp","href":"https:\/\/api.w.org\/{rel}","templated":true}]}}