{"id":6536,"date":"2021-02-25T15:16:13","date_gmt":"2021-02-25T20:16:13","guid":{"rendered":"https:\/\/avocatsgatineau.ca\/droit-des-affaires\/"},"modified":"2025-10-03T15:07:57","modified_gmt":"2025-10-03T19:07:57","slug":"business-law","status":"publish","type":"page","link":"https:\/\/avocatsgatineau.ca\/en\/expertise\/business-law\/","title":{"rendered":"Business law"},"content":{"rendered":"","protected":false},"excerpt":{"rendered":"","protected":false},"author":1,"featured_media":0,"parent":6684,"menu_order":2,"comment_status":"closed","ping_status":"closed","template":"","meta":{"_acf_changed":false,"footnotes":""},"class_list":["post-6536","page","type-page","status-publish","hentry","entry"],"acf":[],"yoast_head":"<!-- This site is optimized with the Yoast SEO plugin v25.1 - https:\/\/yoast.com\/wordpress\/plugins\/seo\/ -->\n<title>Business Law firm in Gatineau and Gatineau | Decarie Inc.<\/title>\n<meta name=\"description\" content=\"Decarie Inc. specializes in comprehensive business law services in Gatineau. From startups to corporations, our expert lawyers provide strategic legal counsel. Contact us today for tailored solutions to your business needs.\" \/>\n<meta name=\"robots\" content=\"index, follow, max-snippet:-1, max-image-preview:large, max-video-preview:-1\" \/>\n<link rel=\"canonical\" href=\"https:\/\/avocatsgatineau.ca\/en\/expertise\/business-law\/\" \/>\n<meta property=\"og:locale\" content=\"en_US\" \/>\n<meta property=\"og:type\" content=\"article\" \/>\n<meta property=\"og:title\" content=\"Business Law firm in Gatineau and Gatineau | Decarie Inc.\" \/>\n<meta property=\"og:description\" content=\"Decarie Inc. specializes in comprehensive business law services in Gatineau. From startups to corporations, our expert lawyers provide strategic legal counsel. Contact us today for tailored solutions to your business needs.\" \/>\n<meta property=\"og:url\" content=\"https:\/\/avocatsgatineau.ca\/en\/expertise\/business-law\/\" \/>\n<meta property=\"og:site_name\" content=\"D\u00e9carie Stephenson Avocats \/ Avocats Gatineau\" \/>\n<meta property=\"article:modified_time\" content=\"2025-10-03T19:07:57+00:00\" \/>\n<meta name=\"twitter:card\" content=\"summary_large_image\" \/>\n<script type=\"application\/ld+json\" class=\"yoast-schema-graph\">{\"@context\":\"https:\/\/schema.org\",\"@graph\":[{\"@type\":\"WebPage\",\"@id\":\"https:\/\/avocatsgatineau.ca\/en\/expertise\/business-law\/\",\"url\":\"https:\/\/avocatsgatineau.ca\/en\/expertise\/business-law\/\",\"name\":\"Business Law firm in Gatineau and Gatineau | Decarie Inc.\",\"isPartOf\":{\"@id\":\"https:\/\/avocatsgatineau.ca\/#website\"},\"datePublished\":\"2021-02-25T20:16:13+00:00\",\"dateModified\":\"2025-10-03T19:07:57+00:00\",\"description\":\"Decarie Inc. specializes in comprehensive business law services in Gatineau. From startups to corporations, our expert lawyers provide strategic legal counsel. Contact us today for tailored solutions to your business needs.\",\"breadcrumb\":{\"@id\":\"https:\/\/avocatsgatineau.ca\/en\/expertise\/business-law\/#breadcrumb\"},\"inLanguage\":\"en-US\",\"potentialAction\":[{\"@type\":\"ReadAction\",\"target\":[\"https:\/\/avocatsgatineau.ca\/en\/expertise\/business-law\/\"]}]},{\"@type\":\"BreadcrumbList\",\"@id\":\"https:\/\/avocatsgatineau.ca\/en\/expertise\/business-law\/#breadcrumb\",\"itemListElement\":[{\"@type\":\"ListItem\",\"position\":1,\"name\":\"Accueil\",\"item\":\"https:\/\/avocatsgatineau.ca\/en\/\"},{\"@type\":\"ListItem\",\"position\":2,\"name\":\"Expertise\",\"item\":\"https:\/\/avocatsgatineau.ca\/en\/expertise\/\"},{\"@type\":\"ListItem\",\"position\":3,\"name\":\"Business law\"}]},{\"@type\":\"WebSite\",\"@id\":\"https:\/\/avocatsgatineau.ca\/#website\",\"url\":\"https:\/\/avocatsgatineau.ca\/\",\"name\":\"D\u00e9carie Stephenson Avocats\",\"description\":\"25 ans d&#039;exp\u00e9rience en litige et r\u00e9solution de conflits, sp\u00e9cialis\u00e9e en droit immobilier et commercial\",\"publisher\":{\"@id\":\"https:\/\/avocatsgatineau.ca\/#organization\"},\"potentialAction\":[{\"@type\":\"SearchAction\",\"target\":{\"@type\":\"EntryPoint\",\"urlTemplate\":\"https:\/\/avocatsgatineau.ca\/?s={search_term_string}\"},\"query-input\":{\"@type\":\"PropertyValueSpecification\",\"valueRequired\":true,\"valueName\":\"search_term_string\"}}],\"inLanguage\":\"en-US\"},{\"@type\":\"Organization\",\"@id\":\"https:\/\/avocatsgatineau.ca\/#organization\",\"name\":\"D\u00e9carie Stephenson Avocats\",\"url\":\"https:\/\/avocatsgatineau.ca\/\",\"logo\":{\"@type\":\"ImageObject\",\"inLanguage\":\"en-US\",\"@id\":\"https:\/\/avocatsgatineau.ca\/#\/schema\/logo\/image\/\",\"url\":\"https:\/\/avocatsgatineau.ca\/wp-content\/uploads\/2025\/03\/logoSvg.svg\",\"contentUrl\":\"https:\/\/avocatsgatineau.ca\/wp-content\/uploads\/2025\/03\/logoSvg.svg\",\"caption\":\"D\u00e9carie Stephenson Avocats\"},\"image\":{\"@id\":\"https:\/\/avocatsgatineau.ca\/#\/schema\/logo\/image\/\"}}]}<\/script>\n<!-- \/ Yoast SEO plugin. -->","yoast_head_json":{"title":"Business Law firm in Gatineau and Gatineau | Decarie Inc.","description":"Decarie Inc. specializes in comprehensive business law services in Gatineau. From startups to corporations, our expert lawyers provide strategic legal counsel. Contact us today for tailored solutions to your business needs.","robots":{"index":"index","follow":"follow","max-snippet":"max-snippet:-1","max-image-preview":"max-image-preview:large","max-video-preview":"max-video-preview:-1"},"canonical":"https:\/\/avocatsgatineau.ca\/en\/expertise\/business-law\/","og_locale":"en_US","og_type":"article","og_title":"Business Law firm in Gatineau and Gatineau | Decarie Inc.","og_description":"Decarie Inc. specializes in comprehensive business law services in Gatineau. From startups to corporations, our expert lawyers provide strategic legal counsel. Contact us today for tailored solutions to your business needs.","og_url":"https:\/\/avocatsgatineau.ca\/en\/expertise\/business-law\/","og_site_name":"D\u00e9carie Stephenson Avocats \/ Avocats Gatineau","article_modified_time":"2025-10-03T19:07:57+00:00","twitter_card":"summary_large_image","schema":{"@context":"https:\/\/schema.org","@graph":[{"@type":"WebPage","@id":"https:\/\/avocatsgatineau.ca\/en\/expertise\/business-law\/","url":"https:\/\/avocatsgatineau.ca\/en\/expertise\/business-law\/","name":"Business Law firm in Gatineau and Gatineau | Decarie Inc.","isPartOf":{"@id":"https:\/\/avocatsgatineau.ca\/#website"},"datePublished":"2021-02-25T20:16:13+00:00","dateModified":"2025-10-03T19:07:57+00:00","description":"Decarie Inc. specializes in comprehensive business law services in Gatineau. From startups to corporations, our expert lawyers provide strategic legal counsel. Contact us today for tailored solutions to your business needs.","breadcrumb":{"@id":"https:\/\/avocatsgatineau.ca\/en\/expertise\/business-law\/#breadcrumb"},"inLanguage":"en-US","potentialAction":[{"@type":"ReadAction","target":["https:\/\/avocatsgatineau.ca\/en\/expertise\/business-law\/"]}]},{"@type":"BreadcrumbList","@id":"https:\/\/avocatsgatineau.ca\/en\/expertise\/business-law\/#breadcrumb","itemListElement":[{"@type":"ListItem","position":1,"name":"Accueil","item":"https:\/\/avocatsgatineau.ca\/en\/"},{"@type":"ListItem","position":2,"name":"Expertise","item":"https:\/\/avocatsgatineau.ca\/en\/expertise\/"},{"@type":"ListItem","position":3,"name":"Business law"}]},{"@type":"WebSite","@id":"https:\/\/avocatsgatineau.ca\/#website","url":"https:\/\/avocatsgatineau.ca\/","name":"D\u00e9carie Stephenson Avocats","description":"25 ans d&#039;exp\u00e9rience en litige et r\u00e9solution de conflits, sp\u00e9cialis\u00e9e en droit immobilier et commercial","publisher":{"@id":"https:\/\/avocatsgatineau.ca\/#organization"},"potentialAction":[{"@type":"SearchAction","target":{"@type":"EntryPoint","urlTemplate":"https:\/\/avocatsgatineau.ca\/?s={search_term_string}"},"query-input":{"@type":"PropertyValueSpecification","valueRequired":true,"valueName":"search_term_string"}}],"inLanguage":"en-US"},{"@type":"Organization","@id":"https:\/\/avocatsgatineau.ca\/#organization","name":"D\u00e9carie Stephenson Avocats","url":"https:\/\/avocatsgatineau.ca\/","logo":{"@type":"ImageObject","inLanguage":"en-US","@id":"https:\/\/avocatsgatineau.ca\/#\/schema\/logo\/image\/","url":"https:\/\/avocatsgatineau.ca\/wp-content\/uploads\/2025\/03\/logoSvg.svg","contentUrl":"https:\/\/avocatsgatineau.ca\/wp-content\/uploads\/2025\/03\/logoSvg.svg","caption":"D\u00e9carie Stephenson Avocats"},"image":{"@id":"https:\/\/avocatsgatineau.ca\/#\/schema\/logo\/image\/"}}]}},"_links":{"self":[{"href":"https:\/\/avocatsgatineau.ca\/en\/wp-json\/wp\/v2\/pages\/6536","targetHints":{"allow":["GET"]}}],"collection":[{"href":"https:\/\/avocatsgatineau.ca\/en\/wp-json\/wp\/v2\/pages"}],"about":[{"href":"https:\/\/avocatsgatineau.ca\/en\/wp-json\/wp\/v2\/types\/page"}],"author":[{"embeddable":true,"href":"https:\/\/avocatsgatineau.ca\/en\/wp-json\/wp\/v2\/users\/1"}],"replies":[{"embeddable":true,"href":"https:\/\/avocatsgatineau.ca\/en\/wp-json\/wp\/v2\/comments?post=6536"}],"version-history":[{"count":19,"href":"https:\/\/avocatsgatineau.ca\/en\/wp-json\/wp\/v2\/pages\/6536\/revisions"}],"predecessor-version":[{"id":12729,"href":"https:\/\/avocatsgatineau.ca\/en\/wp-json\/wp\/v2\/pages\/6536\/revisions\/12729"}],"up":[{"embeddable":true,"href":"https:\/\/avocatsgatineau.ca\/en\/wp-json\/wp\/v2\/pages\/6684"}],"wp:attachment":[{"href":"https:\/\/avocatsgatineau.ca\/en\/wp-json\/wp\/v2\/media?parent=6536"}],"curies":[{"name":"wp","href":"https:\/\/api.w.org\/{rel}","templated":true}]}}