{"id":6616,"date":"2021-02-26T14:36:34","date_gmt":"2021-02-26T19:36:34","guid":{"rendered":"https:\/\/avocatsgatineau.ca\/family-law\/garde-denfants\/"},"modified":"2025-05-28T14:33:58","modified_gmt":"2025-05-28T18:33:58","slug":"child-custody","status":"publish","type":"page","link":"https:\/\/avocatsgatineau.ca\/en\/expertise\/family-law\/child-custody\/","title":{"rendered":"Child custody"},"content":{"rendered":"","protected":false},"excerpt":{"rendered":"","protected":false},"author":1,"featured_media":0,"parent":6608,"menu_order":3,"comment_status":"closed","ping_status":"closed","template":"","meta":{"_acf_changed":false,"footnotes":""},"class_list":["post-6616","page","type-page","status-publish","hentry","entry"],"acf":[],"yoast_head":"<!-- This site is optimized with the Yoast SEO plugin v25.1 - https:\/\/yoast.com\/wordpress\/plugins\/seo\/ -->\n<title>Child custody - D\u00e9carie Stephenson Avocats \/ Avocats Gatineau<\/title>\n<meta name=\"description\" content=\"Child custody is any parent&#039;s main worry during separation. Consult our family lawyer if you don&#039;t agree on your child custody terms.\" \/>\n<meta name=\"robots\" content=\"index, follow, max-snippet:-1, max-image-preview:large, max-video-preview:-1\" \/>\n<link rel=\"canonical\" href=\"https:\/\/avocatsgatineau.ca\/en\/expertise\/family-law\/child-custody\/\" \/>\n<meta property=\"og:locale\" content=\"en_US\" \/>\n<meta property=\"og:type\" content=\"article\" \/>\n<meta property=\"og:title\" content=\"Child custody - D\u00e9carie Stephenson Avocats \/ Avocats Gatineau\" \/>\n<meta property=\"og:description\" content=\"Child custody is any parent&#039;s main worry during separation. Consult our family lawyer if you don&#039;t agree on your child custody terms.\" \/>\n<meta property=\"og:url\" content=\"https:\/\/avocatsgatineau.ca\/en\/expertise\/family-law\/child-custody\/\" \/>\n<meta property=\"og:site_name\" content=\"D\u00e9carie Stephenson Avocats \/ Avocats Gatineau\" \/>\n<meta property=\"article:modified_time\" content=\"2025-05-28T18:33:58+00:00\" \/>\n<meta name=\"twitter:card\" content=\"summary_large_image\" \/>\n<script type=\"application\/ld+json\" class=\"yoast-schema-graph\">{\"@context\":\"https:\/\/schema.org\",\"@graph\":[{\"@type\":\"WebPage\",\"@id\":\"https:\/\/avocatsgatineau.ca\/en\/expertise\/family-law\/child-custody\/\",\"url\":\"https:\/\/avocatsgatineau.ca\/en\/expertise\/family-law\/child-custody\/\",\"name\":\"Child custody - D\u00e9carie Stephenson Avocats \/ Avocats Gatineau\",\"isPartOf\":{\"@id\":\"https:\/\/avocatsgatineau.ca\/#website\"},\"datePublished\":\"2021-02-26T19:36:34+00:00\",\"dateModified\":\"2025-05-28T18:33:58+00:00\",\"description\":\"Child custody is any parent's main worry during separation. Consult our family lawyer if you don't agree on your child custody terms.\",\"breadcrumb\":{\"@id\":\"https:\/\/avocatsgatineau.ca\/en\/expertise\/family-law\/child-custody\/#breadcrumb\"},\"inLanguage\":\"en-US\",\"potentialAction\":[{\"@type\":\"ReadAction\",\"target\":[\"https:\/\/avocatsgatineau.ca\/en\/expertise\/family-law\/child-custody\/\"]}]},{\"@type\":\"BreadcrumbList\",\"@id\":\"https:\/\/avocatsgatineau.ca\/en\/expertise\/family-law\/child-custody\/#breadcrumb\",\"itemListElement\":[{\"@type\":\"ListItem\",\"position\":1,\"name\":\"Accueil\",\"item\":\"https:\/\/avocatsgatineau.ca\/en\/\"},{\"@type\":\"ListItem\",\"position\":2,\"name\":\"Expertise\",\"item\":\"https:\/\/avocatsgatineau.ca\/en\/expertise\/\"},{\"@type\":\"ListItem\",\"position\":3,\"name\":\"Family Law\",\"item\":\"https:\/\/avocatsgatineau.ca\/en\/expertise\/family-law\/\"},{\"@type\":\"ListItem\",\"position\":4,\"name\":\"Child custody\"}]},{\"@type\":\"WebSite\",\"@id\":\"https:\/\/avocatsgatineau.ca\/#website\",\"url\":\"https:\/\/avocatsgatineau.ca\/\",\"name\":\"D\u00e9carie Stephenson Avocats\",\"description\":\"25 ans d&#039;exp\u00e9rience en litige et r\u00e9solution de conflits, sp\u00e9cialis\u00e9e en droit immobilier et commercial\",\"publisher\":{\"@id\":\"https:\/\/avocatsgatineau.ca\/#organization\"},\"potentialAction\":[{\"@type\":\"SearchAction\",\"target\":{\"@type\":\"EntryPoint\",\"urlTemplate\":\"https:\/\/avocatsgatineau.ca\/?s={search_term_string}\"},\"query-input\":{\"@type\":\"PropertyValueSpecification\",\"valueRequired\":true,\"valueName\":\"search_term_string\"}}],\"inLanguage\":\"en-US\"},{\"@type\":\"Organization\",\"@id\":\"https:\/\/avocatsgatineau.ca\/#organization\",\"name\":\"D\u00e9carie Stephenson Avocats\",\"url\":\"https:\/\/avocatsgatineau.ca\/\",\"logo\":{\"@type\":\"ImageObject\",\"inLanguage\":\"en-US\",\"@id\":\"https:\/\/avocatsgatineau.ca\/#\/schema\/logo\/image\/\",\"url\":\"https:\/\/avocatsgatineau.ca\/wp-content\/uploads\/2025\/03\/logoSvg.svg\",\"contentUrl\":\"https:\/\/avocatsgatineau.ca\/wp-content\/uploads\/2025\/03\/logoSvg.svg\",\"caption\":\"D\u00e9carie Stephenson Avocats\"},\"image\":{\"@id\":\"https:\/\/avocatsgatineau.ca\/#\/schema\/logo\/image\/\"}}]}<\/script>\n<!-- \/ Yoast SEO plugin. -->","yoast_head_json":{"title":"Child custody - D\u00e9carie Stephenson Avocats \/ Avocats Gatineau","description":"Child custody is any parent's main worry during separation. Consult our family lawyer if you don't agree on your child custody terms.","robots":{"index":"index","follow":"follow","max-snippet":"max-snippet:-1","max-image-preview":"max-image-preview:large","max-video-preview":"max-video-preview:-1"},"canonical":"https:\/\/avocatsgatineau.ca\/en\/expertise\/family-law\/child-custody\/","og_locale":"en_US","og_type":"article","og_title":"Child custody - D\u00e9carie Stephenson Avocats \/ Avocats Gatineau","og_description":"Child custody is any parent's main worry during separation. Consult our family lawyer if you don't agree on your child custody terms.","og_url":"https:\/\/avocatsgatineau.ca\/en\/expertise\/family-law\/child-custody\/","og_site_name":"D\u00e9carie Stephenson Avocats \/ Avocats Gatineau","article_modified_time":"2025-05-28T18:33:58+00:00","twitter_card":"summary_large_image","schema":{"@context":"https:\/\/schema.org","@graph":[{"@type":"WebPage","@id":"https:\/\/avocatsgatineau.ca\/en\/expertise\/family-law\/child-custody\/","url":"https:\/\/avocatsgatineau.ca\/en\/expertise\/family-law\/child-custody\/","name":"Child custody - D\u00e9carie Stephenson Avocats \/ Avocats Gatineau","isPartOf":{"@id":"https:\/\/avocatsgatineau.ca\/#website"},"datePublished":"2021-02-26T19:36:34+00:00","dateModified":"2025-05-28T18:33:58+00:00","description":"Child custody is any parent's main worry during separation. Consult our family lawyer if you don't agree on your child custody terms.","breadcrumb":{"@id":"https:\/\/avocatsgatineau.ca\/en\/expertise\/family-law\/child-custody\/#breadcrumb"},"inLanguage":"en-US","potentialAction":[{"@type":"ReadAction","target":["https:\/\/avocatsgatineau.ca\/en\/expertise\/family-law\/child-custody\/"]}]},{"@type":"BreadcrumbList","@id":"https:\/\/avocatsgatineau.ca\/en\/expertise\/family-law\/child-custody\/#breadcrumb","itemListElement":[{"@type":"ListItem","position":1,"name":"Accueil","item":"https:\/\/avocatsgatineau.ca\/en\/"},{"@type":"ListItem","position":2,"name":"Expertise","item":"https:\/\/avocatsgatineau.ca\/en\/expertise\/"},{"@type":"ListItem","position":3,"name":"Family Law","item":"https:\/\/avocatsgatineau.ca\/en\/expertise\/family-law\/"},{"@type":"ListItem","position":4,"name":"Child custody"}]},{"@type":"WebSite","@id":"https:\/\/avocatsgatineau.ca\/#website","url":"https:\/\/avocatsgatineau.ca\/","name":"D\u00e9carie Stephenson Avocats","description":"25 ans d&#039;exp\u00e9rience en litige et r\u00e9solution de conflits, sp\u00e9cialis\u00e9e en droit immobilier et commercial","publisher":{"@id":"https:\/\/avocatsgatineau.ca\/#organization"},"potentialAction":[{"@type":"SearchAction","target":{"@type":"EntryPoint","urlTemplate":"https:\/\/avocatsgatineau.ca\/?s={search_term_string}"},"query-input":{"@type":"PropertyValueSpecification","valueRequired":true,"valueName":"search_term_string"}}],"inLanguage":"en-US"},{"@type":"Organization","@id":"https:\/\/avocatsgatineau.ca\/#organization","name":"D\u00e9carie Stephenson Avocats","url":"https:\/\/avocatsgatineau.ca\/","logo":{"@type":"ImageObject","inLanguage":"en-US","@id":"https:\/\/avocatsgatineau.ca\/#\/schema\/logo\/image\/","url":"https:\/\/avocatsgatineau.ca\/wp-content\/uploads\/2025\/03\/logoSvg.svg","contentUrl":"https:\/\/avocatsgatineau.ca\/wp-content\/uploads\/2025\/03\/logoSvg.svg","caption":"D\u00e9carie Stephenson Avocats"},"image":{"@id":"https:\/\/avocatsgatineau.ca\/#\/schema\/logo\/image\/"}}]}},"_links":{"self":[{"href":"https:\/\/avocatsgatineau.ca\/en\/wp-json\/wp\/v2\/pages\/6616","targetHints":{"allow":["GET"]}}],"collection":[{"href":"https:\/\/avocatsgatineau.ca\/en\/wp-json\/wp\/v2\/pages"}],"about":[{"href":"https:\/\/avocatsgatineau.ca\/en\/wp-json\/wp\/v2\/types\/page"}],"author":[{"embeddable":true,"href":"https:\/\/avocatsgatineau.ca\/en\/wp-json\/wp\/v2\/users\/1"}],"replies":[{"embeddable":true,"href":"https:\/\/avocatsgatineau.ca\/en\/wp-json\/wp\/v2\/comments?post=6616"}],"version-history":[{"count":7,"href":"https:\/\/avocatsgatineau.ca\/en\/wp-json\/wp\/v2\/pages\/6616\/revisions"}],"predecessor-version":[{"id":12557,"href":"https:\/\/avocatsgatineau.ca\/en\/wp-json\/wp\/v2\/pages\/6616\/revisions\/12557"}],"up":[{"embeddable":true,"href":"https:\/\/avocatsgatineau.ca\/en\/wp-json\/wp\/v2\/pages\/6608"}],"wp:attachment":[{"href":"https:\/\/avocatsgatineau.ca\/en\/wp-json\/wp\/v2\/media?parent=6616"}],"curies":[{"name":"wp","href":"https:\/\/api.w.org\/{rel}","templated":true}]}}